{"id":1453,"date":"2022-05-13T13:57:44","date_gmt":"2022-05-13T13:57:44","guid":{"rendered":"https:\/\/ccc.kolovratok.sk\/zvysit-efektivitu-predaja\/"},"modified":"2022-12-07T13:55:48","modified_gmt":"2022-12-07T13:55:48","slug":"eficienta-scazuta-a-vanzarilor","status":"publish","type":"page","link":"https:\/\/crystalcall.eu\/ro\/eficienta-scazuta-a-vanzarilor\/","title":{"rendered":"Eficien\u021b\u0103 sc\u0103zut\u0103 a v\u00e2nz\u0103rilor"},"content":{"rendered":"","protected":false},"excerpt":{"rendered":"","protected":false},"author":2,"featured_media":0,"parent":0,"menu_order":0,"comment_status":"closed","ping_status":"closed","template":"","meta":{"inline_featured_image":false,"footnotes":""},"categories":[],"tags":[],"class_list":["post-1453","page","type-page","status-publish","hentry"],"_links":{"self":[{"href":"https:\/\/crystalcall.eu\/ro\/wp-json\/wp\/v2\/pages\/1453","targetHints":{"allow":["GET"]}}],"collection":[{"href":"https:\/\/crystalcall.eu\/ro\/wp-json\/wp\/v2\/pages"}],"about":[{"href":"https:\/\/crystalcall.eu\/ro\/wp-json\/wp\/v2\/types\/page"}],"author":[{"embeddable":true,"href":"https:\/\/crystalcall.eu\/ro\/wp-json\/wp\/v2\/users\/2"}],"replies":[{"embeddable":true,"href":"https:\/\/crystalcall.eu\/ro\/wp-json\/wp\/v2\/comments?post=1453"}],"version-history":[{"count":2,"href":"https:\/\/crystalcall.eu\/ro\/wp-json\/wp\/v2\/pages\/1453\/revisions"}],"predecessor-version":[{"id":1455,"href":"https:\/\/crystalcall.eu\/ro\/wp-json\/wp\/v2\/pages\/1453\/revisions\/1455"}],"wp:attachment":[{"href":"https:\/\/crystalcall.eu\/ro\/wp-json\/wp\/v2\/media?parent=1453"}],"wp:term":[{"taxonomy":"category","embeddable":true,"href":"https:\/\/crystalcall.eu\/ro\/wp-json\/wp\/v2\/categories?post=1453"},{"taxonomy":"post_tag","embeddable":true,"href":"https:\/\/crystalcall.eu\/ro\/wp-json\/wp\/v2\/tags?post=1453"}],"curies":[{"name":"wp","href":"https:\/\/api.w.org\/{rel}","templated":true}]}}